{"id":29,"date":"2023-06-19T07:27:23","date_gmt":"2023-06-19T07:27:23","guid":{"rendered":"https:\/\/aguaydrenajedelbajio.com.mx\/?page_id=29"},"modified":"2024-05-07T21:27:09","modified_gmt":"2024-05-07T21:27:09","slug":"ubicacion","status":"publish","type":"page","link":"https:\/\/aguaydrenajedelbajio.com.mx\/index.php\/ubicacion\/","title":{"rendered":"Ubicaci\u00f3n"},"content":{"rendered":"<p>[et_pb_section fb_built=\u00bb1&#8243; _builder_version=\u00bb4.21.0&#8243; _module_preset=\u00bbdefault\u00bb background_color=\u00bb#002154&#8243; custom_padding=\u00bb10px||10px||true|false\u00bb locked=\u00bboff\u00bb global_colors_info=\u00bb{}\u00bb][et_pb_row _builder_version=\u00bb4.21.0&#8243; _module_preset=\u00bbdefault\u00bb global_colors_info=\u00bb{}\u00bb][et_pb_column type=\u00bb4_4&#8243; _builder_version=\u00bb4.21.0&#8243; _module_preset=\u00bbdefault\u00bb global_colors_info=\u00bb{}\u00bb][et_pb_text _builder_version=\u00bb4.21.0&#8243; _module_preset=\u00bbdefault\u00bb text_text_color=\u00bb#FFFFFF\u00bb text_font_size=\u00bb28px\u00bb global_colors_info=\u00bb{}\u00bb]<\/p>\n<p><strong>Ubicaci\u00f3n<\/strong><\/p>\n<p>[\/et_pb_text][\/et_pb_column][\/et_pb_row][\/et_pb_section][et_pb_section fb_built=\u00bb1&#8243; _builder_version=\u00bb4.21.0&#8243; _module_preset=\u00bbdefault\u00bb background_color=\u00bb#001a4f\u00bb use_background_color_gradient=\u00bbon\u00bb background_color_gradient_stops=\u00bb#000a23 0%|#011f3f 100%\u00bb background_image=\u00bbhttps:\/\/aguaydrenajedelbajio.com.mx\/wp-content\/uploads\/2023\/06\/fonfo_blanco.jpg\u00bb global_colors_info=\u00bb{}\u00bb][et_pb_row _builder_version=\u00bb4.25.0&#8243; _module_preset=\u00bbdefault\u00bb max_width=\u00bb1200px\u00bb hover_enabled=\u00bb0&#8243; global_colors_info=\u00bb{}\u00bb sticky_enabled=\u00bb0&#8243;][et_pb_column type=\u00bb4_4&#8243; _builder_version=\u00bb4.21.0&#8243; _module_preset=\u00bbdefault\u00bb global_colors_info=\u00bb{}\u00bb][et_pb_text _builder_version=\u00bb4.21.0&#8243; _module_preset=\u00bbdefault\u00bb text_font=\u00bb||||||||\u00bb text_text_color=\u00bb#FFFFFF\u00bb text_font_size=\u00bb27px\u00bb background_color=\u00bb#02326d\u00bb custom_padding=\u00bb15px||15px||true|false\u00bb border_radii=\u00bbon|6px|6px|6px|6px\u00bb global_colors_info=\u00bb{}\u00bb]<\/p>\n<p style=\"text-align: center;\">Agricultores No. 488, Col. Pur\u00edsima del Jard\u00edn.\u00a0Irapuato, Guanajuato. CP. 36555<\/p>\n<p>[\/et_pb_text][et_pb_code _builder_version=\u00bb4.21.0&#8243; _module_preset=\u00bbdefault\u00bb border_radii=\u00bbon|9px|9px|9px|9px\u00bb border_width_all=\u00bb4px\u00bb border_color_all=\u00bb#939393&#8243; box_shadow_style=\u00bbpreset3&#8243; global_colors_info=\u00bb{}\u00bb]<iframe src=\"https:\/\/www.google.com\/maps\/embed?pb=!1m18!1m12!1m3!1d3733.4275780255084!2d-101.37697748507364!3d20.652176486203558!2m3!1f0!2f0!3f0!3m2!1i1024!2i768!4f13.1!3m3!1m2!1s0x842c7fa25c4f3fb1%3A0x463094d37c6c9c44!2sAGUA%20Y%20DRENAJE%20DEL%20BAJIO!5e0!3m2!1ses-419!2smx!4v1687460218164!5m2!1ses-419!2smx\" width=\"100%\" height=\"450\" style=\"border:0;\" allowfullscreen=\"\" loading=\"lazy\" referrerpolicy=\"no-referrer-when-downgrade\"><\/iframe>[\/et_pb_code][\/et_pb_column][\/et_pb_row][\/et_pb_section]<\/p>\n","protected":false},"excerpt":{"rendered":"<p>Ubicaci\u00f3nAgricultores No. 488, Col. Pur\u00edsima del Jard\u00edn.\u00a0Irapuato, Guanajuato. CP. 36555<\/p>\n","protected":false},"author":1,"featured_media":0,"parent":0,"menu_order":0,"comment_status":"closed","ping_status":"closed","template":"","meta":{"_et_pb_use_builder":"on","_et_pb_old_content":"<!-- wp:divi\/placeholder \/-->","_et_gb_content_width":"","footnotes":""},"class_list":["post-29","page","type-page","status-publish","hentry"],"_links":{"self":[{"href":"https:\/\/aguaydrenajedelbajio.com.mx\/index.php\/wp-json\/wp\/v2\/pages\/29","targetHints":{"allow":["GET"]}}],"collection":[{"href":"https:\/\/aguaydrenajedelbajio.com.mx\/index.php\/wp-json\/wp\/v2\/pages"}],"about":[{"href":"https:\/\/aguaydrenajedelbajio.com.mx\/index.php\/wp-json\/wp\/v2\/types\/page"}],"author":[{"embeddable":true,"href":"https:\/\/aguaydrenajedelbajio.com.mx\/index.php\/wp-json\/wp\/v2\/users\/1"}],"replies":[{"embeddable":true,"href":"https:\/\/aguaydrenajedelbajio.com.mx\/index.php\/wp-json\/wp\/v2\/comments?post=29"}],"version-history":[{"count":11,"href":"https:\/\/aguaydrenajedelbajio.com.mx\/index.php\/wp-json\/wp\/v2\/pages\/29\/revisions"}],"predecessor-version":[{"id":818,"href":"https:\/\/aguaydrenajedelbajio.com.mx\/index.php\/wp-json\/wp\/v2\/pages\/29\/revisions\/818"}],"wp:attachment":[{"href":"https:\/\/aguaydrenajedelbajio.com.mx\/index.php\/wp-json\/wp\/v2\/media?parent=29"}],"curies":[{"name":"wp","href":"https:\/\/api.w.org\/{rel}","templated":true}]}}