{"id":153,"date":"2023-06-22T08:21:31","date_gmt":"2023-06-22T08:21:31","guid":{"rendered":"https:\/\/aguaydrenajedelbajio.com.mx\/?page_id=153"},"modified":"2023-07-01T17:41:25","modified_gmt":"2023-07-01T17:41:25","slug":"aviso-de-privacidad","status":"publish","type":"page","link":"https:\/\/aguaydrenajedelbajio.com.mx\/index.php\/aviso-de-privacidad\/","title":{"rendered":"Aviso de Privacidad"},"content":{"rendered":"<p>[et_pb_section fb_built=\u00bb1&#8243; _builder_version=\u00bb4.21.0&#8243; _module_preset=\u00bbdefault\u00bb background_color=\u00bb#002d68&#8243; global_colors_info=\u00bb{}\u00bb][et_pb_row _builder_version=\u00bb4.21.0&#8243; _module_preset=\u00bbdefault\u00bb global_colors_info=\u00bb{}\u00bb][et_pb_column type=\u00bb4_4&#8243; _builder_version=\u00bb4.21.0&#8243; _module_preset=\u00bbdefault\u00bb global_colors_info=\u00bb{}\u00bb][et_pb_text _builder_version=\u00bb4.21.0&#8243; _module_preset=\u00bbdefault\u00bb text_text_color=\u00bb#FFFFFF\u00bb text_font_size=\u00bb20px\u00bb hover_enabled=\u00bb0&#8243; global_colors_info=\u00bb{}\u00bb sticky_enabled=\u00bb0&#8243;]<\/p>\n<p class=\" additional-class-565164233  bd-content-element\" style=\"text-align: justify;\">En cumplimiento a lo dispuesto por la Ley Federal de Protecci\u00f3n de Datos Personales en Posesi\u00f3n de los Particulares, Agua y Drenaje del Baj\u00edo S.A. de C.V. con domicilio en Agricultores 488 cp36555, Irapuato, Gto.; Informa que respeta los derechos e intereses de cada individuo en relaci\u00f3n con su intimidad, sus datos personales y el derecho a la autodeterminaci\u00f3n informativa, por lo anterior, reconoce que es responsable de recabar sus datos personales, del uso que le d\u00e9 a los mismos y de su protecci\u00f3n. Sus datos personales ser\u00e1n utilizados para las siguientes finalidades:<\/p>\n<p>[\/et_pb_text][et_pb_text _builder_version=\u00bb4.21.0&#8243; _module_preset=\u00bbdefault\u00bb text_text_color=\u00bb#FFFFFF\u00bb text_font_size=\u00bb20px\u00bb global_colors_info=\u00bb{}\u00bb]<\/p>\n<ol>\n<li style=\"list-style-type: none;\">\n<ol>\n<li>Prestaci\u00f3n de sus servicios profesionales, misma informaci\u00f3n que se recaba \u00fanica y exclusivamente con el prop\u00f3sito de prestar el servicio o informaci\u00f3n solicitada por sus usuarios.<\/li>\n<li>Promover los servicios y productos que ofrecemos. Informarle sobre cambios en los servicios y productos. Informar sobre los productos o servicios que est\u00e9n relacionados a los que nuestro cliente solicite.<\/li>\n<li>Evaluar la calidad de nuestro servicio.<i><\/i><span><\/span><\/li>\n<\/ol>\n<\/li>\n<\/ol>\n<p>[\/et_pb_text][et_pb_text _builder_version=\u00bb4.21.0&#8243; _module_preset=\u00bbdefault\u00bb text_text_color=\u00bb#FFFFFF\u00bb text_font_size=\u00bb20px\u00bb global_colors_info=\u00bb{}\u00bb]<\/p>\n<p class=\" additional-class-1682916145  bd-content-element\" style=\"text-align: justify;\">Si requiere mayor informaci\u00f3n puede solicitarla a aydbajio@gmail.com o llamar a cualquiera de nuestros n\u00fameros de atenci\u00f3n a clientes. <span>(462) 62 67686<br \/><\/span><\/p>\n<p>[\/et_pb_text][et_pb_button button_url=\u00bbhttps:\/\/aguaydrenajedelbajio.com.mx\/index.php\/contacto\/\u00bb button_text=\u00bbRegresar\u00bb _builder_version=\u00bb4.21.0&#8243; _module_preset=\u00bbdefault\u00bb custom_button=\u00bbon\u00bb button_text_color=\u00bb#FFFFFF\u00bb button_bg_color=\u00bb#000000&#8243; global_colors_info=\u00bb{}\u00bb][\/et_pb_button][\/et_pb_column][\/et_pb_row][\/et_pb_section]<\/p>\n","protected":false},"excerpt":{"rendered":"<p>En cumplimiento a lo dispuesto por la Ley Federal de Protecci\u00f3n de Datos Personales en Posesi\u00f3n de los Particulares, Agua y Drenaje del Baj\u00edo S.A. de C.V. con domicilio en Agricultores 488 cp36555, Irapuato, Gto.; Informa que respeta los derechos e intereses de cada individuo en relaci\u00f3n con su intimidad, sus datos personales y el [&hellip;]<\/p>\n","protected":false},"author":1,"featured_media":0,"parent":0,"menu_order":0,"comment_status":"closed","ping_status":"closed","template":"","meta":{"_et_pb_use_builder":"on","_et_pb_old_content":"","_et_gb_content_width":"","footnotes":""},"class_list":["post-153","page","type-page","status-publish","hentry"],"_links":{"self":[{"href":"https:\/\/aguaydrenajedelbajio.com.mx\/index.php\/wp-json\/wp\/v2\/pages\/153","targetHints":{"allow":["GET"]}}],"collection":[{"href":"https:\/\/aguaydrenajedelbajio.com.mx\/index.php\/wp-json\/wp\/v2\/pages"}],"about":[{"href":"https:\/\/aguaydrenajedelbajio.com.mx\/index.php\/wp-json\/wp\/v2\/types\/page"}],"author":[{"embeddable":true,"href":"https:\/\/aguaydrenajedelbajio.com.mx\/index.php\/wp-json\/wp\/v2\/users\/1"}],"replies":[{"embeddable":true,"href":"https:\/\/aguaydrenajedelbajio.com.mx\/index.php\/wp-json\/wp\/v2\/comments?post=153"}],"version-history":[{"count":4,"href":"https:\/\/aguaydrenajedelbajio.com.mx\/index.php\/wp-json\/wp\/v2\/pages\/153\/revisions"}],"predecessor-version":[{"id":672,"href":"https:\/\/aguaydrenajedelbajio.com.mx\/index.php\/wp-json\/wp\/v2\/pages\/153\/revisions\/672"}],"wp:attachment":[{"href":"https:\/\/aguaydrenajedelbajio.com.mx\/index.php\/wp-json\/wp\/v2\/media?parent=153"}],"curies":[{"name":"wp","href":"https:\/\/api.w.org\/{rel}","templated":true}]}}